{"id":89,"date":"2024-08-08T13:21:24","date_gmt":"2024-08-08T16:21:24","guid":{"rendered":"http:\/\/192.168.17.35\/?page_id=89"},"modified":"2024-09-24T11:35:20","modified_gmt":"2024-09-24T14:35:20","slug":"equipo-ingenieria-y-energia","status":"publish","type":"page","link":"https:\/\/www.sgc.cl\/en\/equipo-ingenieria-y-energia\/","title":{"rendered":"Equipo ingenier\u00eda y energ\u00eda"},"content":{"rendered":"<div data-elementor-type=\"wp-page\" data-elementor-id=\"89\" class=\"elementor elementor-89\">\n\t\t\t\t<div class=\"elementor-element elementor-element-2695919 e-flex e-con-boxed e-con e-parent\" data-id=\"2695919\" data-element_type=\"container\">\n\t\t\t\t\t<div class=\"e-con-inner\">\n\t\t\t\t<div class=\"elementor-element elementor-element-2fac448 elementor-widget elementor-widget-heading\" data-id=\"2fac448\" data-element_type=\"widget\" data-widget_type=\"heading.default\">\n\t\t\t\t<div class=\"elementor-widget-container\">\n\t\t\t\t\t<h1 class=\"elementor-heading-title elementor-size-default\">Engineering and Energy<\/h1>\t\t\t\t<\/div>\n\t\t\t\t<\/div>\n\t\t\t\t<div class=\"elementor-element elementor-element-751960e elementor-widget elementor-widget-rttm-team-grid\" data-id=\"751960e\" data-element_type=\"widget\" data-widget_type=\"rttm-team-grid.default\">\n\t\t\t\t<div class=\"elementor-widget-container\">\n\t\t\t\t\t<div class=\"rt-team-container rt-elementor-container rt-pos-r rt-team-container-elementor rt-hover-zoom_in\" id=\"rt-team-container-609858190\" data-layout=\"layout16\" data-desktop-col=\"3\" data-tab-col=\"2\" data-mobile-col=\"1\" data-sc-id=\"elementor\" data-rttm-pagination='{\"layout\":\"layout16\",\"dCols\":3,\"tCols\":2,\"mCols\":1,\"postIn\":[],\"postNotIn\":[],\"limit\":12,\"pagination\":false,\"postsPerPage\":\"\",\"order_by\":\"menu_order\",\"order\":\"ASC\",\"department_ids\":[\"47\"],\"designation_ids\":[],\"link\":false,\"fImg\":false,\"fImgSize\":\"woocommerce_single\",\"customImgSize\":{\"crop\":\"\"},\"character_limit\":0,\"after_short_desc\":\"\",\"read_more_btn_text\":\"\",\"my_resume_text\":\"\",\"hire_me_text\":\"\",\"visibility\":[\"name\",\"designation\",\"email\",\"telephone\",\"mobile\"],\"social_profiles\":[],\"posts_loading_type\":\"pagination\",\"load_more_text\":\"Load More\",\"relation\":\"AND\",\"iCol\":4,\"gridType\":\"even\",\"linkType\":\"external_link\",\"popupType\":\"single\",\"target\":\"_self\",\"grayscale\":false,\"stripedRow\":false,\"defaultImgId\":null,\"filter_buttons\":false,\"filters\":[],\"taxFilter\":\"team_department\",\"action_term\":0,\"isoFilterTaxonomy\":\"team_department\",\"filterType\":null,\"hide_all_button\":true,\"tItem\":0,\"fShowAll\":false,\"animation\":\"zoom_in\"}'><div data-title=\"Loading ...\" class=\"rt-row rt-content-loader element-loading layout16 ttp-even ttp-pre-loader\"><div class=\"rt-col-md-4 rt-col-sm-6 rt-col-xs-12   even-grid-item rt-grid-item rt-ready-animation animated fadeIn\" data-id=\"650\"><div class=\"single-team-area\"><figure><img fetchpriority=\"high\" decoding=\"async\" width=\"600\" height=\"600\" src=\"https:\/\/www.sgc.cl\/wp-content\/uploads\/2024\/08\/alejandro-infante-1.webp\" class=\"img-responsive rt-team-img\" alt=\"ALEJANDRO INFANTE ROGERS\" \/><\/figure><div class=\"tlp-content\"><h3><span class=\"team-name\">ALEJANDRO INFANTE ROGERS<\/span><\/h3><div class=\"tlp-position\">Partner and Manager<\/div><\/div><div class=\"contact-info\"><ul><li class=\"tlp-email\"><i class=\"far fa-envelope\"><\/i><a href=\"mailto:ainfante@sgc.cl\"><span class=\"tlp-email\">ainfante@sgc.cl<\/span><\/a><\/li><li class=\"tlp-phone\"><i class=\"fa fa-phone-alt\"><\/i><a href=\"tel:+56 2 2431 7000\" class=\"tlp-phone\">+56 2 2431 7000<\/a><\/li><li class='tlp-mobile'><i class='fa fa-mobile'><\/i> <a href='tel:+56 9 9874 8483'>+56 9 9874 8483<\/a><\/li><\/ul><\/div><\/div><\/div><div class=\"rt-col-md-4 rt-col-sm-6 rt-col-xs-12   even-grid-item rt-grid-item rt-ready-animation animated fadeIn\" data-id=\"672\"><div class=\"single-team-area\"><figure><img decoding=\"async\" width=\"600\" height=\"600\" src=\"https:\/\/www.sgc.cl\/wp-content\/uploads\/2024\/08\/Juan-Pablo-Duhalde-e1743106724197.jpg\" class=\"img-responsive rt-team-img\" alt=\"JUAN PABLO DUHALDE BEDDIG\" \/><\/figure><div class=\"tlp-content\"><h3><span class=\"team-name\">JUAN PABLO DUHALDE BEDDIG<\/span><\/h3><div class=\"tlp-position\">Gerente Property &amp; Ingenier\u00eda<\/div><\/div><div class=\"contact-info\"><ul><li class=\"tlp-email\"><i class=\"far fa-envelope\"><\/i><a href=\"mailto:jduhalde@sgc-group.cl\"><span class=\"tlp-email\">jduhalde@sgc-group.cl<\/span><\/a><\/li><li class=\"tlp-phone\"><i class=\"fa fa-phone-alt\"><\/i><a href=\"tel:+56 2 2431 7000\" class=\"tlp-phone\">+56 2 2431 7000<\/a><\/li><li class='tlp-mobile'><i class='fa fa-mobile'><\/i> <a href='tel:+56 9 6599 5742'>+56 9 6599 5742<\/a><\/li><\/ul><\/div><\/div><\/div><div class=\"rt-col-md-4 rt-col-sm-6 rt-col-xs-12   even-grid-item rt-grid-item rt-ready-animation animated fadeIn\" data-id=\"691\"><div class=\"single-team-area\"><figure><img decoding=\"async\" width=\"600\" height=\"600\" src=\"https:\/\/www.sgc.cl\/wp-content\/uploads\/2024\/08\/tomas-zuniga.webp\" class=\"img-responsive rt-team-img\" alt=\"TOM\u00c1S Z\u00da\u00d1IGA\" \/><\/figure><div class=\"tlp-content\"><h3><span class=\"team-name\">TOM\u00c1S Z\u00da\u00d1IGA<\/span><\/h3><div class=\"tlp-position\">Ingeniero Ajustador<\/div><\/div><div class=\"contact-info\"><ul><li class=\"tlp-email\"><i class=\"far fa-envelope\"><\/i><a href=\"mailto:tzuniga@sgc.cl\"><span class=\"tlp-email\">tzuniga@sgc.cl<\/span><\/a><\/li><li class=\"tlp-phone\"><i class=\"fa fa-phone-alt\"><\/i><a href=\"tel:+56 2 2431 7000\" class=\"tlp-phone\">+56 2 2431 7000<\/a><\/li><\/ul><\/div><\/div><\/div><div class=\"rt-col-md-4 rt-col-sm-6 rt-col-xs-12   even-grid-item rt-grid-item rt-ready-animation animated fadeIn\" data-id=\"1293\"><div class=\"single-team-area\"><figure><img loading=\"lazy\" decoding=\"async\" width=\"500\" height=\"500\" src=\"https:\/\/www.sgc.cl\/wp-content\/uploads\/2024\/08\/Diego_Olivares.webp\" class=\"img-responsive rt-team-img\" alt=\"DIEGO OLIVARES\" \/><\/figure><div class=\"tlp-content\"><h3><span class=\"team-name\">DIEGO OLIVARES<\/span><\/h3><div class=\"tlp-position\">Ingeniero<\/div><\/div><div class=\"contact-info\"><ul><li class=\"tlp-email\"><i class=\"far fa-envelope\"><\/i><a href=\"mailto:dolivares@sgc-group.cl\"><span class=\"tlp-email\">dolivares@sgc-group.cl<\/span><\/a><\/li><li class=\"tlp-phone\"><i class=\"fa fa-phone-alt\"><\/i><a href=\"tel:+56 2 2431 7000\" class=\"tlp-phone\">+56 2 2431 7000<\/a><\/li><\/ul><\/div><\/div><\/div><div class=\"rt-loading-overlay full-op\"><\/div><div class=\"rt-loading rt-ball-clip-rotate\"><div><\/div><\/div><\/div><\/div>\t\t\t\t<\/div>\n\t\t\t\t<\/div>\n\t\t\t\t\t<\/div>\n\t\t\t\t<\/div>\n\t\t\t\t<\/div>","protected":false},"excerpt":{"rendered":"<p>Ingenier\u00eda y Energ\u00eda ALEJANDRO INFANTE ROGERS Socio Gerente ainfante@sgc.cl +56 2 2431 7000 +56 9 9874 8483 JUAN PABLO DUHALDE Gerente Property &amp; Ingenier\u00eda jduhalde@sgc-group.cl +56 2 2431 7000 +56 9 6599 5742 Tom\u00e1s Z\u00fa\u00f1iga Saffie Ingeniero Ajustador tzuniga@sgc.cl +56 2 2431 7028 +56 9 6207 7937 Bryan Spencer Matus Ingeniero bspencer@sgc.cl +56 2 2431 [&hellip;]<\/p>","protected":false},"author":1,"featured_media":0,"parent":0,"menu_order":0,"comment_status":"closed","ping_status":"closed","template":"","meta":{"footnotes":""},"class_list":["post-89","page","type-page","status-publish","hentry"],"_links":{"self":[{"href":"https:\/\/www.sgc.cl\/en\/wp-json\/wp\/v2\/pages\/89","targetHints":{"allow":["GET"]}}],"collection":[{"href":"https:\/\/www.sgc.cl\/en\/wp-json\/wp\/v2\/pages"}],"about":[{"href":"https:\/\/www.sgc.cl\/en\/wp-json\/wp\/v2\/types\/page"}],"author":[{"embeddable":true,"href":"https:\/\/www.sgc.cl\/en\/wp-json\/wp\/v2\/users\/1"}],"replies":[{"embeddable":true,"href":"https:\/\/www.sgc.cl\/en\/wp-json\/wp\/v2\/comments?post=89"}],"version-history":[{"count":18,"href":"https:\/\/www.sgc.cl\/en\/wp-json\/wp\/v2\/pages\/89\/revisions"}],"predecessor-version":[{"id":1305,"href":"https:\/\/www.sgc.cl\/en\/wp-json\/wp\/v2\/pages\/89\/revisions\/1305"}],"wp:attachment":[{"href":"https:\/\/www.sgc.cl\/en\/wp-json\/wp\/v2\/media?parent=89"}],"curies":[{"name":"wp","href":"https:\/\/api.w.org\/{rel}","templated":true}]}}