{"id":486,"date":"2024-08-07T14:32:02","date_gmt":"2024-08-07T17:32:02","guid":{"rendered":"http:\/\/192.168.17.35\/?page_id=2"},"modified":"2025-10-03T10:28:00","modified_gmt":"2025-10-03T13:28:00","slug":"inicio","status":"publish","type":"page","link":"https:\/\/www.sgc.cl\/en\/","title":{"rendered":"inicio"},"content":{"rendered":"<div data-elementor-type=\"wp-page\" data-elementor-id=\"486\" class=\"elementor elementor-486\">\n\t\t\t\t<div class=\"elementor-element elementor-element-2f9a8af e-flex e-con-boxed e-con e-parent\" data-id=\"2f9a8af\" data-element_type=\"container\">\n\t\t\t\t\t<div class=\"e-con-inner\">\n\t\t\t\t<div class=\"elementor-element elementor-element-ecf4112 elementor-widget elementor-widget-shortcode\" data-id=\"ecf4112\" data-element_type=\"widget\" data-widget_type=\"shortcode.default\">\n\t\t\t\t<div class=\"elementor-widget-container\">\n\t\t\t\t\t\t\t<div class=\"elementor-shortcode\"><\/div>\n\t\t\t\t\t\t<\/div>\n\t\t\t\t<\/div>\n\t\t\t\t\t<\/div>\n\t\t\t\t<\/div>\n\t\t<div class=\"elementor-element elementor-element-4df7d03 e-con-full e-flex e-con e-parent\" data-id=\"4df7d03\" data-element_type=\"container\">\n\t\t\t\t<div class=\"elementor-element elementor-element-ca7fd05 elementor-invisible elementor-widget elementor-widget-theme-process-sec\" data-id=\"ca7fd05\" data-element_type=\"widget\" data-settings=\"{&quot;_animation&quot;:&quot;slideInUp&quot;,&quot;_animation_delay&quot;:1000}\" data-widget_type=\"theme-process-sec.default\">\n\t\t\t\t<div class=\"elementor-widget-container\">\n\t\t\t\t\t\r\n\r\n      <!--      process section-->\r\n      <section class=\"process-section-two theme-custom-process w-full lg:py-[120px] py-[60px]\">\r\n        <div class=\"theme-container mx-auto\">\r\n          <div class=\"w-full relative\">\r\n            <h2 class=\"headline-default text-primary-900 mb-[60px] text-center\">\r\n                           <\/h2>\r\n            <div\r\n              class=\"grid xl:grid-cols-4 sm:grid-cols-2 grid-cols-1 gap-[30px]\"\r\n            >\r\n\r\n            \r\n              <div\r\n                data-aos=\"fade-up\"\r\n                data-aos-duration=\"1000\"\r\n                data-aos-delay=\"100\"\r\n                class=\"item group px-[30px] py-10 rounded border border-primaryBorder relative overflow-hidden\"\r\n              >\r\n                <div\r\n                  class=\"icon-thumb flex justify-center mt-2.5 mb-[90px] relative z-10\"\r\n                >\r\n                  <img decoding=\"async\"\r\n                    src=\"https:\/\/www.sgc.cl\/wp-content\/uploads\/2024\/08\/ico-ingenieria.webp\"\r\n                    alt=\"\"\r\n                    class=\"w-[62px] h-[62px]\"\r\n                  \/>\r\n                <\/div>\r\n                <p\r\n                  class=\"text-lg font-semibold spline-sans text-center text-[#E3E3E3] mb-5\"\r\n                >\r\n                                <\/p>\r\n                <p\r\n                  class=\"text-lg font-bold spline-sans text-center text-primary-900 mb-5\"\r\n                >\r\n                  <a href=\"\/en\/ingenieria-y-energia\/\" style=\"color:#2181C1;font-family: Poppins\">ENGINEERING AND ENERGY<\/a>                <\/p>\r\n                <p class=\"text-primary-100 text-base text-center\">\r\n                                  <\/p>\r\n                <div\r\n                  style=\"left: calc(50% - 185px)\"\r\n                  class=\"circle-shape group-hover:w-full group-hover:h-full w-[372px] h-[372px] rounded-full absolute bottom-[237px]\"\r\n                ><\/div>\r\n              <\/div>\r\n\r\n               \r\n              <div\r\n                data-aos=\"fade-up\"\r\n                data-aos-duration=\"1000\"\r\n                data-aos-delay=\"100\"\r\n                class=\"item group px-[30px] py-10 rounded border border-primaryBorder relative overflow-hidden\"\r\n              >\r\n                <div\r\n                  class=\"icon-thumb flex justify-center mt-2.5 mb-[90px] relative z-10\"\r\n                >\r\n                  <img decoding=\"async\"\r\n                    src=\"https:\/\/www.sgc.cl\/wp-content\/uploads\/2024\/08\/ico-property.webp\"\r\n                    alt=\"\"\r\n                    class=\"w-[62px] h-[62px]\"\r\n                  \/>\r\n                <\/div>\r\n                <p\r\n                  class=\"text-lg font-semibold spline-sans text-center text-[#E3E3E3] mb-5\"\r\n                >\r\n                                <\/p>\r\n                <p\r\n                  class=\"text-lg font-bold spline-sans text-center text-primary-900 mb-5\"\r\n                >\r\n                  <a href=\"\/en\/property\/\" style=\"color:#2181C1;font-family: Poppins\">PROPERTY<\/a>                <\/p>\r\n                <p class=\"text-primary-100 text-base text-center\">\r\n                                  <\/p>\r\n                <div\r\n                  style=\"left: calc(50% - 185px)\"\r\n                  class=\"circle-shape group-hover:w-full group-hover:h-full w-[372px] h-[372px] rounded-full absolute bottom-[237px]\"\r\n                ><\/div>\r\n              <\/div>\r\n\r\n               \r\n              <div\r\n                data-aos=\"fade-up\"\r\n                data-aos-duration=\"1000\"\r\n                data-aos-delay=\"100\"\r\n                class=\"item group px-[30px] py-10 rounded border border-primaryBorder relative overflow-hidden\"\r\n              >\r\n                <div\r\n                  class=\"icon-thumb flex justify-center mt-2.5 mb-[90px] relative z-10\"\r\n                >\r\n                  <img decoding=\"async\"\r\n                    src=\"https:\/\/www.sgc.cl\/wp-content\/uploads\/2024\/08\/ico-transporte.webp\"\r\n                    alt=\"\"\r\n                    class=\"w-[62px] h-[62px]\"\r\n                  \/>\r\n                <\/div>\r\n                <p\r\n                  class=\"text-lg font-semibold spline-sans text-center text-[#E3E3E3] mb-5\"\r\n                >\r\n                                <\/p>\r\n                <p\r\n                  class=\"text-lg font-bold spline-sans text-center text-primary-900 mb-5\"\r\n                >\r\n                  <a href=\"\/en\/transporte-casco-y-stp\/\" style=\"color:#2181C1;font-family: Poppins\">MARINE CARGO, HULL &amp; STP<\/a>                <\/p>\r\n                <p class=\"text-primary-100 text-base text-center\">\r\n                                  <\/p>\r\n                <div\r\n                  style=\"left: calc(50% - 185px)\"\r\n                  class=\"circle-shape group-hover:w-full group-hover:h-full w-[372px] h-[372px] rounded-full absolute bottom-[237px]\"\r\n                ><\/div>\r\n              <\/div>\r\n\r\n               \r\n              <div\r\n                data-aos=\"fade-up\"\r\n                data-aos-duration=\"1000\"\r\n                data-aos-delay=\"100\"\r\n                class=\"item group px-[30px] py-10 rounded border border-primaryBorder relative overflow-hidden\"\r\n              >\r\n                <div\r\n                  class=\"icon-thumb flex justify-center mt-2.5 mb-[90px] relative z-10\"\r\n                >\r\n                  <img decoding=\"async\"\r\n                    src=\"https:\/\/www.sgc.cl\/wp-content\/uploads\/2024\/08\/ico-responsabilidad-civil.webp\"\r\n                    alt=\"\"\r\n                    class=\"w-[62px] h-[62px]\"\r\n                  \/>\r\n                <\/div>\r\n                <p\r\n                  class=\"text-lg font-semibold spline-sans text-center text-[#E3E3E3] mb-5\"\r\n                >\r\n                                <\/p>\r\n                <p\r\n                  class=\"text-lg font-bold spline-sans text-center text-primary-900 mb-5\"\r\n                >\r\n                  <a href=\"\/en\/responsabilidad-civil\/\" style=\"color:#2181C1;font-family: Poppins\">CASUALTY<\/a>                <\/p>\r\n                <p class=\"text-primary-100 text-base text-center\">\r\n                                  <\/p>\r\n                <div\r\n                  style=\"left: calc(50% - 185px)\"\r\n                  class=\"circle-shape group-hover:w-full group-hover:h-full w-[372px] h-[372px] rounded-full absolute bottom-[237px]\"\r\n                ><\/div>\r\n              <\/div>\r\n\r\n               \r\n              <div\r\n                data-aos=\"fade-up\"\r\n                data-aos-duration=\"1000\"\r\n                data-aos-delay=\"100\"\r\n                class=\"item group px-[30px] py-10 rounded border border-primaryBorder relative overflow-hidden\"\r\n              >\r\n                <div\r\n                  class=\"icon-thumb flex justify-center mt-2.5 mb-[90px] relative z-10\"\r\n                >\r\n                  <img decoding=\"async\"\r\n                    src=\"https:\/\/www.sgc.cl\/wp-content\/uploads\/2024\/08\/ico-masivos.webp\"\r\n                    alt=\"\"\r\n                    class=\"w-[62px] h-[62px]\"\r\n                  \/>\r\n                <\/div>\r\n                <p\r\n                  class=\"text-lg font-semibold spline-sans text-center text-[#E3E3E3] mb-5\"\r\n                >\r\n                                <\/p>\r\n                <p\r\n                  class=\"text-lg font-bold spline-sans text-center text-primary-900 mb-5\"\r\n                >\r\n                  <a href=\"\/en\/masivos\/\" style=\"color:#2181C1;font-family: Poppins\">MASSIVE<\/a>                <\/p>\r\n                <p class=\"text-primary-100 text-base text-center\">\r\n                                  <\/p>\r\n                <div\r\n                  style=\"left: calc(50% - 185px)\"\r\n                  class=\"circle-shape group-hover:w-full group-hover:h-full w-[372px] h-[372px] rounded-full absolute bottom-[237px]\"\r\n                ><\/div>\r\n              <\/div>\r\n\r\n               \r\n              <div\r\n                data-aos=\"fade-up\"\r\n                data-aos-duration=\"1000\"\r\n                data-aos-delay=\"100\"\r\n                class=\"item group px-[30px] py-10 rounded border border-primaryBorder relative overflow-hidden\"\r\n              >\r\n                <div\r\n                  class=\"icon-thumb flex justify-center mt-2.5 mb-[90px] relative z-10\"\r\n                >\r\n                  <img decoding=\"async\"\r\n                    src=\"https:\/\/www.sgc.cl\/wp-content\/uploads\/2024\/08\/ico-r-naturales.webp\"\r\n                    alt=\"\"\r\n                    class=\"w-[62px] h-[62px]\"\r\n                  \/>\r\n                <\/div>\r\n                <p\r\n                  class=\"text-lg font-semibold spline-sans text-center text-[#E3E3E3] mb-5\"\r\n                >\r\n                                <\/p>\r\n                <p\r\n                  class=\"text-lg font-bold spline-sans text-center text-primary-900 mb-5\"\r\n                >\r\n                  <a href=\"\/en\/recursos-naturales\/\" style=\"color:#2181C1;font-family: Poppins\">NATURAL RESOURCES<\/a>                <\/p>\r\n                <p class=\"text-primary-100 text-base text-center\">\r\n                                  <\/p>\r\n                <div\r\n                  style=\"left: calc(50% - 185px)\"\r\n                  class=\"circle-shape group-hover:w-full group-hover:h-full w-[372px] h-[372px] rounded-full absolute bottom-[237px]\"\r\n                ><\/div>\r\n              <\/div>\r\n\r\n               \r\n              <div\r\n                data-aos=\"fade-up\"\r\n                data-aos-duration=\"1000\"\r\n                data-aos-delay=\"100\"\r\n                class=\"item group px-[30px] py-10 rounded border border-primaryBorder relative overflow-hidden\"\r\n              >\r\n                <div\r\n                  class=\"icon-thumb flex justify-center mt-2.5 mb-[90px] relative z-10\"\r\n                >\r\n                  <img decoding=\"async\"\r\n                    src=\"https:\/\/www.sgc.cl\/wp-content\/uploads\/2024\/08\/ico-ramos-varios.webp\"\r\n                    alt=\"\"\r\n                    class=\"w-[62px] h-[62px]\"\r\n                  \/>\r\n                <\/div>\r\n                <p\r\n                  class=\"text-lg font-semibold spline-sans text-center text-[#E3E3E3] mb-5\"\r\n                >\r\n                                <\/p>\r\n                <p\r\n                  class=\"text-lg font-bold spline-sans text-center text-primary-900 mb-5\"\r\n                >\r\n                  <a href=\"\/en\/riesgos-miscelaneos\/\" style=\"color:#2181C1;font-family: Poppins\">MISCELLANEOUS RISKS<\/a>                <\/p>\r\n                <p class=\"text-primary-100 text-base text-center\">\r\n                                  <\/p>\r\n                <div\r\n                  style=\"left: calc(50% - 185px)\"\r\n                  class=\"circle-shape group-hover:w-full group-hover:h-full w-[372px] h-[372px] rounded-full absolute bottom-[237px]\"\r\n                ><\/div>\r\n              <\/div>\r\n\r\n               \r\n              <div\r\n                data-aos=\"fade-up\"\r\n                data-aos-duration=\"1000\"\r\n                data-aos-delay=\"100\"\r\n                class=\"item group px-[30px] py-10 rounded border border-primaryBorder relative overflow-hidden\"\r\n              >\r\n                <div\r\n                  class=\"icon-thumb flex justify-center mt-2.5 mb-[90px] relative z-10\"\r\n                >\r\n                  <img decoding=\"async\"\r\n                    src=\"https:\/\/www.sgc.cl\/wp-content\/uploads\/2024\/08\/ico-servicios-maritimos.webp\"\r\n                    alt=\"\"\r\n                    class=\"w-[62px] h-[62px]\"\r\n                  \/>\r\n                <\/div>\r\n                <p\r\n                  class=\"text-lg font-semibold spline-sans text-center text-[#E3E3E3] mb-5\"\r\n                >\r\n                                <\/p>\r\n                <p\r\n                  class=\"text-lg font-bold spline-sans text-center text-primary-900 mb-5\"\r\n                >\r\n                  <a href=\"\/en\/marine-services\/\" style=\"color:#2181C1;font-family: Poppins\">MARINE SERVICES<\/a>\n                <\/p>\r\n                <p class=\"text-primary-100 text-base text-center\">\r\n                                  <\/p>\r\n                <div\r\n                  style=\"left: calc(50% - 185px)\"\r\n                  class=\"circle-shape group-hover:w-full group-hover:h-full w-[372px] h-[372px] rounded-full absolute bottom-[237px]\"\r\n                ><\/div>\r\n              <\/div>\r\n\r\n                \r\n\r\n\r\n\r\n            <\/div>\r\n          <\/div>\r\n        <\/div>\r\n      <\/section>\r\n\r\n\r\n\r\n\t\t\t\t\t<\/div>\n\t\t\t\t<\/div>\n\t\t\t\t<\/div>\n\t\t\t\t<\/div>","protected":false},"excerpt":{"rendered":"<p>INGENIER\u00cdA Y ENERG\u00cdA PROPERTY TRANSPORTE, CASCO Y STP RESPONSABILIDAD CIVIL MASIVOS RECURSOS NATURALES RIESGOS MISCEL\u00c1NEOS MARINE SERVICES<\/p>","protected":false},"author":1,"featured_media":0,"parent":0,"menu_order":0,"comment_status":"closed","ping_status":"closed","template":"template\/homepage-template.php","meta":{"footnotes":""},"class_list":["post-486","page","type-page","status-publish","hentry"],"_links":{"self":[{"href":"https:\/\/www.sgc.cl\/en\/wp-json\/wp\/v2\/pages\/486","targetHints":{"allow":["GET"]}}],"collection":[{"href":"https:\/\/www.sgc.cl\/en\/wp-json\/wp\/v2\/pages"}],"about":[{"href":"https:\/\/www.sgc.cl\/en\/wp-json\/wp\/v2\/types\/page"}],"author":[{"embeddable":true,"href":"https:\/\/www.sgc.cl\/en\/wp-json\/wp\/v2\/users\/1"}],"replies":[{"embeddable":true,"href":"https:\/\/www.sgc.cl\/en\/wp-json\/wp\/v2\/comments?post=486"}],"version-history":[{"count":32,"href":"https:\/\/www.sgc.cl\/en\/wp-json\/wp\/v2\/pages\/486\/revisions"}],"predecessor-version":[{"id":2064,"href":"https:\/\/www.sgc.cl\/en\/wp-json\/wp\/v2\/pages\/486\/revisions\/2064"}],"wp:attachment":[{"href":"https:\/\/www.sgc.cl\/en\/wp-json\/wp\/v2\/media?parent=486"}],"curies":[{"name":"wp","href":"https:\/\/api.w.org\/{rel}","templated":true}]}}