{"id":1455,"date":"2024-09-24T14:25:52","date_gmt":"2024-09-24T17:25:52","guid":{"rendered":"http:\/\/74.207.241.157\/?page_id=1455"},"modified":"2025-03-31T17:27:48","modified_gmt":"2025-03-31T20:27:48","slug":"riesgos-miscelaneos","status":"publish","type":"page","link":"https:\/\/www.sgc.cl\/en\/riesgos-miscelaneos\/","title":{"rendered":"Miscellaneous Risks"},"content":{"rendered":"<div data-elementor-type=\"wp-page\" data-elementor-id=\"1455\" class=\"elementor elementor-1455\">\n\t\t\t\t<div class=\"elementor-element elementor-element-6a96b90 e-flex e-con-boxed e-con e-parent\" data-id=\"6a96b90\" data-element_type=\"container\">\n\t\t\t\t\t<div class=\"e-con-inner\">\n\t\t<div class=\"elementor-element elementor-element-b6361f4 e-con-full e-flex e-con e-child\" data-id=\"b6361f4\" data-element_type=\"container\">\n\t\t\t\t<div class=\"elementor-element elementor-element-efbd786 elementor-widget__width-inherit elementor-widget elementor-widget-shortcode\" data-id=\"efbd786\" data-element_type=\"widget\" data-widget_type=\"shortcode.default\">\n\t\t\t\t<div class=\"elementor-widget-container\">\n\t\t\t\t\t\t\t<div class=\"elementor-shortcode\"><\/div>\n\t\t\t\t\t\t<\/div>\n\t\t\t\t<\/div>\n\t\t\t\t<\/div>\n\t\t<div class=\"elementor-element elementor-element-04d06ab e-con-full e-flex e-con e-child\" data-id=\"04d06ab\" data-element_type=\"container\">\n\t\t<div class=\"elementor-element elementor-element-09f1e1c e-con-full e-flex e-con e-child\" data-id=\"09f1e1c\" data-element_type=\"container\">\n\t\t<div class=\"elementor-element elementor-element-a1ea2d5 e-con-full e-flex e-con e-child\" data-id=\"a1ea2d5\" data-element_type=\"container\">\n\t\t<div class=\"elementor-element elementor-element-0f55554 e-con-full e-flex e-con e-child\" data-id=\"0f55554\" data-element_type=\"container\">\n\t\t\t\t<div class=\"elementor-element elementor-element-97647a7 elementor-widget__width-inherit elementor-widget elementor-widget-text-editor\" data-id=\"97647a7\" data-element_type=\"widget\" data-widget_type=\"text-editor.default\">\n\t\t\t\t<div class=\"elementor-widget-container\">\n\t\t\t\t\t\t\t\t\t<h1><span style=\"color: #2181c1;\"><img decoding=\"async\" class=\"alignleft wp-image-1122 size-full\" src=\"https:\/\/www.sgc.cl\/wp-content\/uploads\/2024\/08\/ico-ramos-varios.webp\" alt=\"\" width=\"45\" height=\"50\" \/> <\/span><\/h1><h1 style=\"text-align: left;\"><span style=\"color: #2181c1;\">Miscellaneous Risks<\/span><\/h1>\t\t\t\t\t\t\t\t<\/div>\n\t\t\t\t<\/div>\n\t\t\t\t<\/div>\n\t\t\t\t<\/div>\n\t\t\t\t<\/div>\n\t\t<div class=\"elementor-element elementor-element-d0e3f49 e-con-full e-flex e-con e-child\" data-id=\"d0e3f49\" data-element_type=\"container\">\n\t\t\t\t<div class=\"elementor-element elementor-element-6f51545 elementor-widget elementor-widget-text-editor\" data-id=\"6f51545\" data-element_type=\"widget\" data-widget_type=\"text-editor.default\">\n\t\t\t\t<div class=\"elementor-widget-container\">\n\t\t\t\t\t\t\t\t\t<p>MISCELLANEOUS RISKS is a unit focused on the management and adjustment of different type of claims, such as theft, robbery and financial losses either as part of a robbery policy or in general as part of any other policy covering such risk; for example, electronic equipment, mobile equipment, all risk valuable objects, construction all risk, erection all risk, fixed assets all risk, comprehensive bank policies and employee loyalty policies.<\/p><p>This unit has a team of professionals with vast experience in this type of claims, with high accounting and financial analysis skills that allows them to execute high-quality investigations and follow-up the judicial proceedings.<\/p><p>We highlight our capacity to service claims related to electronic equipment and valuable object policies for all sort of events by which they may be affected. We work with professionals from different areas for an adequate understanding and resolution.<\/p>\t\t\t\t\t\t\t\t<\/div>\n\t\t\t\t<\/div>\n\t\t\t\t<\/div>\n\t\t\t\t<\/div>\n\t\t\t\t\t<\/div>\n\t\t\t\t<\/div>\n\t\t<div class=\"elementor-element elementor-element-36f7d9d e-flex e-con-boxed e-con e-parent\" data-id=\"36f7d9d\" data-element_type=\"container\">\n\t\t\t\t\t<div class=\"e-con-inner\">\n\t\t\t\t<div class=\"elementor-element elementor-element-1e5d25a elementor-widget-divider--view-line elementor-widget elementor-widget-divider\" data-id=\"1e5d25a\" data-element_type=\"widget\" data-widget_type=\"divider.default\">\n\t\t\t\t<div class=\"elementor-widget-container\">\n\t\t\t\t\t\t\t<div class=\"elementor-divider\">\n\t\t\t<span class=\"elementor-divider-separator\">\n\t\t\t\t\t\t<\/span>\n\t\t<\/div>\n\t\t\t\t\t\t<\/div>\n\t\t\t\t<\/div>\n\t\t\t\t\t<\/div>\n\t\t\t\t<\/div>\n\t\t<div class=\"elementor-element elementor-element-e3989b1 e-flex e-con-boxed e-con e-parent\" data-id=\"e3989b1\" data-element_type=\"container\">\n\t\t\t\t\t<div class=\"e-con-inner\">\n\t\t\t\t<div class=\"elementor-element elementor-element-bd7fac5 elementor-widget__width-initial elementor-widget elementor-widget-rttm-team-list\" data-id=\"bd7fac5\" data-element_type=\"widget\" data-widget_type=\"rttm-team-list.default\">\n\t\t\t\t<div class=\"elementor-widget-container\">\n\t\t\t\t\t<div class=\"rt-team-container rt-elementor-container rt-pos-r rt-team-container-elementor rt-hover-zoom_in\" id=\"rt-team-container-3970591807\" data-layout=\"layout2\" data-desktop-col=\"2\" data-tab-col=\"2\" data-mobile-col=\"1\" data-sc-id=\"elementor\" data-rttm-pagination='{\"layout\":\"layout2\",\"dCols\":0,\"tCols\":2,\"mCols\":1,\"postIn\":[\"1375\"],\"postNotIn\":[],\"limit\":12,\"pagination\":false,\"postsPerPage\":\"\",\"order_by\":\"date\",\"order\":\"DESC\",\"department_ids\":[],\"designation_ids\":[],\"link\":false,\"fImg\":false,\"fImgSize\":\"team-thumb\",\"customImgSize\":{\"crop\":\"\"},\"character_limit\":0,\"after_short_desc\":\"\",\"read_more_btn_text\":\"\",\"my_resume_text\":\"\",\"hire_me_text\":\"\",\"visibility\":[\"name\",\"designation\",\"email\",\"telephone\",\"mobile\",\"social\"],\"social_profiles\":[],\"posts_loading_type\":\"pagination\",\"load_more_text\":\"Load More\",\"relation\":\"AND\",\"iCol\":4,\"gridType\":\"even\",\"linkType\":\"external_link\",\"popupType\":\"single\",\"target\":\"_self\",\"grayscale\":false,\"stripedRow\":false,\"defaultImgId\":null,\"filter_buttons\":false,\"filters\":[],\"taxFilter\":\"team_department\",\"action_term\":0,\"isoFilterTaxonomy\":\"team_department\",\"filterType\":null,\"hide_all_button\":true,\"tItem\":0,\"fShowAll\":false,\"animation\":\"zoom_in\"}'><div data-title=\"Loading ...\" class=\"rt-row rt-content-loader element-loading layout2 ttp-even ttp-pre-loader\"><div class=\"rt-col-md-6 rt-col-sm-6 rt-col-xs-12   even-grid-item rt-grid-item rt-ready-animation animated fadeIn\" data-id=\"1375\"><div class=\"single-team-area\"><div class=\"img-area rt-col-sm-4 rt-col-xs-4\"><figure><img fetchpriority=\"high\" decoding=\"async\" width=\"400\" height=\"400\" src=\"https:\/\/www.sgc.cl\/wp-content\/uploads\/2024\/09\/christian-mora-bonet-400x400.jpg\" class=\"img-responsive rt-team-img\" alt=\"CHRISTIAN MORA BONET\" \/><\/figure><\/div><div class=\"rttm-content-area rt-col-sm-8 rt-col-xs-8\"><h3><span class=\"team-name\">CHRISTIAN MORA BONET<\/span><\/h3><div class=\"tlp-position\">Lawyer - Manager<\/div><div class=\"contact-info\"><ul><li class=\"tlp-email\"><i class=\"far fa-envelope\"><\/i><a href=\"mailto:cmora@sgc.cl\"><span class=\"tlp-email\">cmora@sgc.cl<\/span><\/a><\/li><li class=\"tlp-phone\"><i class=\"fa fa-phone-alt\"><\/i><a href=\"tel:+56 2 2431 7000\" class=\"tlp-phone\">+56 2 2431 7000<\/a><\/li><li class='tlp-mobile'><i class='fa fa-mobile'><\/i> <a href='tel:+56 9 8479 9153'>+56 9 8479 9153<\/a><\/li><\/ul><\/div><\/div><\/div><\/div><div class=\"rt-loading-overlay full-op\"><\/div><div class=\"rt-loading rt-ball-clip-rotate\"><div><\/div><\/div><\/div><\/div>\t\t\t\t<\/div>\n\t\t\t\t<\/div>\n\t\t\t\t<div class=\"elementor-element elementor-element-5f535c0 elementor-widget elementor-widget-button\" data-id=\"5f535c0\" data-element_type=\"widget\" data-widget_type=\"button.default\">\n\t\t\t\t<div class=\"elementor-widget-container\">\n\t\t\t\t\t\t\t\t\t<div class=\"elementor-button-wrapper\">\n\t\t\t\t\t<a class=\"elementor-button elementor-button-link elementor-size-sm\" href=\"\/en\/equipo-riesgos-miscelaneos\/\">\n\t\t\t\t\t\t<span class=\"elementor-button-content-wrapper\">\n\t\t\t\t\t\t\t\t\t<span class=\"elementor-button-text\">Work Team<\/span>\n\t\t\t\t\t<\/span>\n\t\t\t\t\t<\/a>\n\t\t\t\t<\/div>\n\t\t\t\t\t\t\t\t<\/div>\n\t\t\t\t<\/div>\n\t\t\t\t\t<\/div>\n\t\t\t\t<\/div>\n\t\t\t\t<\/div>","protected":false},"excerpt":{"rendered":"<p>Riesgos Miscel\u00e1neos Miscel\u00e1neo es una unidad enfocada al manejo y liquidaci\u00f3n de siniestros de distinta naturaleza, en que destacan los riesgos de robo, hurto y p\u00e9rdidas financieras, ya propiamente en las p\u00f3lizas de robo, como en general en toda otra p\u00f3liza en que dicho riesgo es asegurado, como por ejemplo, p\u00f3lizas de Equipos Electr\u00f3nicos, de [&hellip;]<\/p>","protected":false},"author":1,"featured_media":0,"parent":0,"menu_order":0,"comment_status":"closed","ping_status":"closed","template":"","meta":{"footnotes":""},"class_list":["post-1455","page","type-page","status-publish","hentry"],"_links":{"self":[{"href":"https:\/\/www.sgc.cl\/en\/wp-json\/wp\/v2\/pages\/1455","targetHints":{"allow":["GET"]}}],"collection":[{"href":"https:\/\/www.sgc.cl\/en\/wp-json\/wp\/v2\/pages"}],"about":[{"href":"https:\/\/www.sgc.cl\/en\/wp-json\/wp\/v2\/types\/page"}],"author":[{"embeddable":true,"href":"https:\/\/www.sgc.cl\/en\/wp-json\/wp\/v2\/users\/1"}],"replies":[{"embeddable":true,"href":"https:\/\/www.sgc.cl\/en\/wp-json\/wp\/v2\/comments?post=1455"}],"version-history":[{"count":10,"href":"https:\/\/www.sgc.cl\/en\/wp-json\/wp\/v2\/pages\/1455\/revisions"}],"predecessor-version":[{"id":1953,"href":"https:\/\/www.sgc.cl\/en\/wp-json\/wp\/v2\/pages\/1455\/revisions\/1953"}],"wp:attachment":[{"href":"https:\/\/www.sgc.cl\/en\/wp-json\/wp\/v2\/media?parent=1455"}],"curies":[{"name":"wp","href":"https:\/\/api.w.org\/{rel}","templated":true}]}}