{"id":1435,"date":"2024-09-24T13:54:20","date_gmt":"2024-09-24T16:54:20","guid":{"rendered":"http:\/\/74.207.241.157\/?page_id=1435"},"modified":"2025-03-31T17:27:19","modified_gmt":"2025-03-31T20:27:19","slug":"masivos","status":"publish","type":"page","link":"https:\/\/www.sgc.cl\/en\/masivos\/","title":{"rendered":"Massive"},"content":{"rendered":"<div data-elementor-type=\"wp-page\" data-elementor-id=\"1435\" class=\"elementor elementor-1435\">\n\t\t\t\t<div class=\"elementor-element elementor-element-ca09643 e-flex e-con-boxed e-con e-parent\" data-id=\"ca09643\" data-element_type=\"container\">\n\t\t\t\t\t<div class=\"e-con-inner\">\n\t\t<div class=\"elementor-element elementor-element-ff06061 e-con-full e-flex e-con e-child\" data-id=\"ff06061\" data-element_type=\"container\">\n\t\t\t\t<div class=\"elementor-element elementor-element-7740948 elementor-widget__width-inherit elementor-widget elementor-widget-shortcode\" data-id=\"7740948\" data-element_type=\"widget\" data-widget_type=\"shortcode.default\">\n\t\t\t\t<div class=\"elementor-widget-container\">\n\t\t\t\t\t\t\t<div class=\"elementor-shortcode\"><\/div>\n\t\t\t\t\t\t<\/div>\n\t\t\t\t<\/div>\n\t\t\t\t<\/div>\n\t\t<div class=\"elementor-element elementor-element-cbe9048 e-con-full e-flex e-con e-child\" data-id=\"cbe9048\" data-element_type=\"container\">\n\t\t<div class=\"elementor-element elementor-element-622dc9b e-con-full e-flex e-con e-child\" data-id=\"622dc9b\" data-element_type=\"container\">\n\t\t<div class=\"elementor-element elementor-element-3c31852 e-con-full e-flex e-con e-child\" data-id=\"3c31852\" data-element_type=\"container\">\n\t\t<div class=\"elementor-element elementor-element-a5692df e-con-full e-flex e-con e-child\" data-id=\"a5692df\" data-element_type=\"container\">\n\t\t\t\t<div class=\"elementor-element elementor-element-2a1dc56 elementor-widget__width-inherit elementor-widget elementor-widget-text-editor\" data-id=\"2a1dc56\" data-element_type=\"widget\" data-widget_type=\"text-editor.default\">\n\t\t\t\t<div class=\"elementor-widget-container\">\n\t\t\t\t\t\t\t\t\t<h1><span style=\"color: #2181c1;\"><img decoding=\"async\" class=\"alignleft wp-image-1120 size-full\" src=\"https:\/\/www.sgc.cl\/wp-content\/uploads\/2024\/08\/ico-masivos.webp\" alt=\"\" width=\"76\" height=\"50\" \/> <\/span><\/h1><h1 style=\"text-align: left;\"><span style=\"color: #2181c1;\">Massive<\/span><\/h1>\t\t\t\t\t\t\t\t<\/div>\n\t\t\t\t<\/div>\n\t\t\t\t<\/div>\n\t\t\t\t<\/div>\n\t\t\t\t<\/div>\n\t\t<div class=\"elementor-element elementor-element-f08830f e-con-full e-flex e-con e-child\" data-id=\"f08830f\" data-element_type=\"container\">\n\t\t\t\t<div class=\"elementor-element elementor-element-21f19bf elementor-widget elementor-widget-text-editor\" data-id=\"21f19bf\" data-element_type=\"widget\" data-widget_type=\"text-editor.default\">\n\t\t\t\t<div class=\"elementor-widget-container\">\n\t\t\t\t\t\t\t\t\t<p>It focuses on the management and adjustment of claims related to personal lines and distribution products through mass channels. For such purpose we\u2019ve put together teams with vast experience on this type of claims designing processes that respond to the demands of the insurance market for an adequate and expedite service, within the service parameters offered to the policyholders.<\/p><p><span style=\"color: var( --e-global-color-text ); letter-spacing: 0px;\">Our strategy focuses on three areas aiming at different risks and products developed y the market that demand specific dynamics.<\/span><\/p><p>Our MULTI-RISK AREA is involved in claims related to home insurance, fire risks and the additional coverage related to home and community or condominium risks, risks associated to mortgages, fire risks and the corresponding additional coverages for small and medium size enterprises. We participate in the loss adjustment of policies related to some specific segments such as pet theft and accidents, bicycle protection and others resulting from the constant market innovation.<\/p><p>For such purpose we have a network operating along the entire country with professionals such as architects, contractors and engineers all of whom can assess on site the claim causes, damages and repair costs.<\/p><p>Our AREA OF PERSONAL ACCIDENTS AND MEDICAL EXPENSES specializes on individual and collective policies related to personal accidents and specific products related to medical expenses and SOAP (personal accident mandatory insurance). We have broad experience on the design of brief, expedite and reliable loss adjustment processes with the support of professional in the areas of health and technology.<\/p><p>Our UNEMPLOYMENT AND FRAUDE ARE aims at contributing with expedite and abbreviated processes and the use of high-quality technological standards to transfer information for this type of claims, protecting the technical quality of the assessment.<\/p>\t\t\t\t\t\t\t\t<\/div>\n\t\t\t\t<\/div>\n\t\t\t\t<\/div>\n\t\t\t\t<\/div>\n\t\t\t\t\t<\/div>\n\t\t\t\t<\/div>\n\t\t<div class=\"elementor-element elementor-element-d127a5e e-flex e-con-boxed e-con e-parent\" data-id=\"d127a5e\" data-element_type=\"container\">\n\t\t\t\t\t<div class=\"e-con-inner\">\n\t\t\t\t<div class=\"elementor-element elementor-element-5643ce5 elementor-widget-divider--view-line elementor-widget elementor-widget-divider\" data-id=\"5643ce5\" data-element_type=\"widget\" data-widget_type=\"divider.default\">\n\t\t\t\t<div class=\"elementor-widget-container\">\n\t\t\t\t\t\t\t<div class=\"elementor-divider\">\n\t\t\t<span class=\"elementor-divider-separator\">\n\t\t\t\t\t\t<\/span>\n\t\t<\/div>\n\t\t\t\t\t\t<\/div>\n\t\t\t\t<\/div>\n\t\t\t\t\t<\/div>\n\t\t\t\t<\/div>\n\t\t<div class=\"elementor-element elementor-element-09c33a0 e-flex e-con-boxed e-con e-parent\" data-id=\"09c33a0\" data-element_type=\"container\">\n\t\t\t\t\t<div class=\"e-con-inner\">\n\t\t\t\t<div class=\"elementor-element elementor-element-f51bd14 elementor-widget__width-initial elementor-widget elementor-widget-rttm-team-list\" data-id=\"f51bd14\" data-element_type=\"widget\" data-widget_type=\"rttm-team-list.default\">\n\t\t\t\t<div class=\"elementor-widget-container\">\n\t\t\t\t\t<div class=\"rt-team-container rt-elementor-container rt-pos-r rt-team-container-elementor rt-hover-zoom_in\" id=\"rt-team-container-2248838535\" data-layout=\"layout2\" data-desktop-col=\"2\" data-tab-col=\"2\" data-mobile-col=\"1\" data-sc-id=\"elementor\" data-rttm-pagination='{\"layout\":\"layout2\",\"dCols\":0,\"tCols\":2,\"mCols\":1,\"postIn\":[\"1384\"],\"postNotIn\":[],\"limit\":12,\"pagination\":false,\"postsPerPage\":\"\",\"order_by\":\"date\",\"order\":\"DESC\",\"department_ids\":[],\"designation_ids\":[],\"link\":false,\"fImg\":false,\"fImgSize\":\"team-thumb\",\"customImgSize\":{\"crop\":\"\"},\"character_limit\":0,\"after_short_desc\":\"\",\"read_more_btn_text\":\"\",\"my_resume_text\":\"\",\"hire_me_text\":\"\",\"visibility\":[\"name\",\"designation\",\"email\",\"telephone\",\"mobile\",\"social\"],\"social_profiles\":[],\"posts_loading_type\":\"pagination\",\"load_more_text\":\"Load More\",\"relation\":\"AND\",\"iCol\":4,\"gridType\":\"even\",\"linkType\":\"external_link\",\"popupType\":\"single\",\"target\":\"_self\",\"grayscale\":false,\"stripedRow\":false,\"defaultImgId\":null,\"filter_buttons\":false,\"filters\":[],\"taxFilter\":\"team_department\",\"action_term\":0,\"isoFilterTaxonomy\":\"team_department\",\"filterType\":null,\"hide_all_button\":true,\"tItem\":0,\"fShowAll\":false,\"animation\":\"zoom_in\"}'><div data-title=\"Loading ...\" class=\"rt-row rt-content-loader element-loading layout2 ttp-even ttp-pre-loader\"><div class=\"rt-col-md-6 rt-col-sm-6 rt-col-xs-12   even-grid-item rt-grid-item rt-ready-animation animated fadeIn\" data-id=\"1384\"><div class=\"single-team-area\"><div class=\"img-area rt-col-sm-4 rt-col-xs-4\"><figure><img fetchpriority=\"high\" decoding=\"async\" width=\"400\" height=\"400\" src=\"https:\/\/www.sgc.cl\/wp-content\/uploads\/2024\/09\/christian-mora-bonet-400x400.jpg\" class=\"img-responsive rt-team-img\" alt=\"CHRISTIAN MORA BONET\" \/><\/figure><\/div><div class=\"rttm-content-area rt-col-sm-8 rt-col-xs-8\"><h3><span class=\"team-name\">CHRISTIAN MORA BONET<\/span><\/h3><div class=\"tlp-position\">Manager Partner Personal Lies<\/div><div class=\"contact-info\"><ul><li class=\"tlp-email\"><i class=\"far fa-envelope\"><\/i><a href=\"mailto:cmora@sgc.cl\"><span class=\"tlp-email\">cmora@sgc.cl<\/span><\/a><\/li><li class=\"tlp-phone\"><i class=\"fa fa-phone-alt\"><\/i><a href=\"tel:+56 2 2431 7000\" class=\"tlp-phone\">+56 2 2431 7000<\/a><\/li><li class='tlp-mobile'><i class='fa fa-mobile'><\/i> <a href='tel:+56 9 8479 9153'>+56 9 8479 9153<\/a><\/li><\/ul><\/div><\/div><\/div><\/div><div class=\"rt-loading-overlay full-op\"><\/div><div class=\"rt-loading rt-ball-clip-rotate\"><div><\/div><\/div><\/div><\/div>\t\t\t\t<\/div>\n\t\t\t\t<\/div>\n\t\t\t\t<div class=\"elementor-element elementor-element-f31a5a1 elementor-widget elementor-widget-button\" data-id=\"f31a5a1\" data-element_type=\"widget\" data-widget_type=\"button.default\">\n\t\t\t\t<div class=\"elementor-widget-container\">\n\t\t\t\t\t\t\t\t\t<div class=\"elementor-button-wrapper\">\n\t\t\t\t\t<a class=\"elementor-button elementor-button-link elementor-size-sm\" href=\"\/en\/equipo-masivos\/\">\n\t\t\t\t\t\t<span class=\"elementor-button-content-wrapper\">\n\t\t\t\t\t\t\t\t\t<span class=\"elementor-button-text\">Work Team<\/span>\n\t\t\t\t\t<\/span>\n\t\t\t\t\t<\/a>\n\t\t\t\t<\/div>\n\t\t\t\t\t\t\t\t<\/div>\n\t\t\t\t<\/div>\n\t\t\t\t\t<\/div>\n\t\t\t\t<\/div>\n\t\t\t\t<\/div>","protected":false},"excerpt":{"rendered":"<p>Masivos Est\u00e1 orientada al manejo y liquidaci\u00f3n de siniestros propios de l\u00edneas personales y productos de distribuci\u00f3n por canales masivos, para cuyos efectos hemos creado equipos de trabajo con una larga experiencia en la atenci\u00f3n de esta clase de siniestros, dise\u00f1ando procesos que respondan a las exigencias que el mercado asegurador demanda para una adecuada [&hellip;]<\/p>","protected":false},"author":1,"featured_media":0,"parent":0,"menu_order":0,"comment_status":"closed","ping_status":"closed","template":"","meta":{"footnotes":""},"class_list":["post-1435","page","type-page","status-publish","hentry"],"_links":{"self":[{"href":"https:\/\/www.sgc.cl\/en\/wp-json\/wp\/v2\/pages\/1435","targetHints":{"allow":["GET"]}}],"collection":[{"href":"https:\/\/www.sgc.cl\/en\/wp-json\/wp\/v2\/pages"}],"about":[{"href":"https:\/\/www.sgc.cl\/en\/wp-json\/wp\/v2\/types\/page"}],"author":[{"embeddable":true,"href":"https:\/\/www.sgc.cl\/en\/wp-json\/wp\/v2\/users\/1"}],"replies":[{"embeddable":true,"href":"https:\/\/www.sgc.cl\/en\/wp-json\/wp\/v2\/comments?post=1435"}],"version-history":[{"count":10,"href":"https:\/\/www.sgc.cl\/en\/wp-json\/wp\/v2\/pages\/1435\/revisions"}],"predecessor-version":[{"id":1947,"href":"https:\/\/www.sgc.cl\/en\/wp-json\/wp\/v2\/pages\/1435\/revisions\/1947"}],"wp:attachment":[{"href":"https:\/\/www.sgc.cl\/en\/wp-json\/wp\/v2\/media?parent=1435"}],"curies":[{"name":"wp","href":"https:\/\/api.w.org\/{rel}","templated":true}]}}