{"id":1401,"date":"2024-09-24T13:12:58","date_gmt":"2024-09-24T16:12:58","guid":{"rendered":"http:\/\/74.207.241.157\/?page_id=1401"},"modified":"2024-09-24T13:14:32","modified_gmt":"2024-09-24T16:14:32","slug":"equipo-recursos-naturales","status":"publish","type":"page","link":"https:\/\/www.sgc.cl\/en\/equipo-recursos-naturales\/","title":{"rendered":"Equipo Recursos Naturales"},"content":{"rendered":"<div data-elementor-type=\"wp-page\" data-elementor-id=\"1401\" class=\"elementor elementor-1401\">\n\t\t\t\t<div class=\"elementor-element elementor-element-4316aa0 e-flex e-con-boxed e-con e-parent\" data-id=\"4316aa0\" data-element_type=\"container\">\n\t\t\t\t\t<div class=\"e-con-inner\">\n\t\t\t\t<div class=\"elementor-element elementor-element-60b007f elementor-widget elementor-widget-heading\" data-id=\"60b007f\" data-element_type=\"widget\" data-widget_type=\"heading.default\">\n\t\t\t\t<div class=\"elementor-widget-container\">\n\t\t\t\t\t<h1 class=\"elementor-heading-title elementor-size-default\">Natural Resources<\/h1>\t\t\t\t<\/div>\n\t\t\t\t<\/div>\n\t\t\t\t<div class=\"elementor-element elementor-element-05e2164 elementor-widget elementor-widget-rttm-team-grid\" data-id=\"05e2164\" data-element_type=\"widget\" data-widget_type=\"rttm-team-grid.default\">\n\t\t\t\t<div class=\"elementor-widget-container\">\n\t\t\t\t\t<div class=\"rt-team-container rt-elementor-container rt-pos-r rt-team-container-elementor rt-hover-zoom_in\" id=\"rt-team-container-2237053785\" data-layout=\"layout16\" data-desktop-col=\"3\" data-tab-col=\"2\" data-mobile-col=\"1\" data-sc-id=\"elementor\" data-rttm-pagination='{\"layout\":\"layout16\",\"dCols\":3,\"tCols\":2,\"mCols\":1,\"postIn\":[],\"postNotIn\":[],\"limit\":100,\"pagination\":false,\"postsPerPage\":\"\",\"order_by\":\"menu_order\",\"order\":\"ASC\",\"department_ids\":[\"117\"],\"designation_ids\":[],\"link\":false,\"fImg\":false,\"fImgSize\":\"medium\",\"customImgSize\":{\"crop\":\"\"},\"character_limit\":0,\"after_short_desc\":\"\",\"read_more_btn_text\":\"\",\"my_resume_text\":\"\",\"hire_me_text\":\"\",\"visibility\":[\"name\",\"designation\",\"email\",\"telephone\",\"mobile\"],\"social_profiles\":[],\"posts_loading_type\":\"pagination\",\"load_more_text\":\"Load More\",\"relation\":\"AND\",\"iCol\":4,\"gridType\":\"even\",\"linkType\":\"external_link\",\"popupType\":\"single\",\"target\":\"_self\",\"grayscale\":false,\"stripedRow\":false,\"defaultImgId\":null,\"filter_buttons\":false,\"filters\":[],\"taxFilter\":\"team_department\",\"action_term\":0,\"isoFilterTaxonomy\":\"team_department\",\"filterType\":null,\"hide_all_button\":true,\"tItem\":0,\"fShowAll\":false,\"animation\":\"zoom_in\"}'><div data-title=\"Loading ...\" class=\"rt-row rt-content-loader element-loading layout16 ttp-even ttp-pre-loader\"><div class=\"rt-col-md-4 rt-col-sm-6 rt-col-xs-12   even-grid-item rt-grid-item rt-ready-animation animated fadeIn\" data-id=\"1385\"><div class=\"single-team-area\"><figure><img fetchpriority=\"high\" decoding=\"async\" width=\"300\" height=\"300\" src=\"https:\/\/www.sgc.cl\/wp-content\/uploads\/2024\/09\/sebastian-soto1-e1679516966633-1-300x300.jpg\" class=\"img-responsive rt-team-img\" alt=\"SEBASTI\u00c1N SOTO DUR\u00c1N\" \/><\/figure><div class=\"tlp-content\"><h3><span class=\"team-name\">SEBASTI\u00c1N SOTO DUR\u00c1N<\/span><\/h3><div class=\"tlp-position\">Natural Resources Manager<\/div><\/div><div class=\"contact-info\"><ul><li class=\"tlp-email\"><i class=\"far fa-envelope\"><\/i><a href=\"mailto:ssoto@sgc-group.cl\"><span class=\"tlp-email\">ssoto@sgc-group.cl<\/span><\/a><\/li><li class=\"tlp-phone\"><i class=\"fa fa-phone-alt\"><\/i><a href=\"tel:+56 2 2431 7000\" class=\"tlp-phone\">+56 2 2431 7000<\/a><\/li><li class='tlp-mobile'><i class='fa fa-mobile'><\/i> <a href='tel:+56 9 8248 5265'>+56 9 8248 5265<\/a><\/li><\/ul><\/div><\/div><\/div><div class=\"rt-col-md-4 rt-col-sm-6 rt-col-xs-12   even-grid-item rt-grid-item rt-ready-animation animated fadeIn\" data-id=\"1386\"><div class=\"single-team-area\"><figure><img decoding=\"async\" width=\"300\" height=\"300\" src=\"https:\/\/www.sgc.cl\/wp-content\/uploads\/2024\/09\/leonidas-300x300.png\" class=\"img-responsive rt-team-img\" alt=\"LEONIDAS RODR\u00cdGUEZ\" \/><\/figure><div class=\"tlp-content\"><h3><span class=\"team-name\">LEONIDAS RODR\u00cdGUEZ<\/span><\/h3><div class=\"tlp-position\">Jefe Administrativo<\/div><\/div><div class=\"contact-info\"><ul><li class=\"tlp-email\"><i class=\"far fa-envelope\"><\/i><a href=\"mailto:lrodriguez@sgc-group.cl\"><span class=\"tlp-email\">lrodriguez@sgc-group.cl<\/span><\/a><\/li><li class=\"tlp-phone\"><i class=\"fa fa-phone-alt\"><\/i><a href=\"tel:+56 2 2431 7000\" class=\"tlp-phone\">+56 2 2431 7000<\/a><\/li><\/ul><\/div><\/div><\/div><div class=\"rt-col-md-4 rt-col-sm-6 rt-col-xs-12   even-grid-item rt-grid-item rt-ready-animation animated fadeIn\" data-id=\"1387\"><div class=\"single-team-area\"><figure><img decoding=\"async\" width=\"300\" height=\"300\" src=\"https:\/\/www.sgc.cl\/wp-content\/uploads\/2024\/09\/karim-300x300.png\" class=\"img-responsive rt-team-img\" alt=\"KARIM VIDAL\" \/><\/figure><div class=\"tlp-content\"><h3><span class=\"team-name\">KARIM VIDAL<\/span><\/h3><div class=\"tlp-position\">Liquidadora<\/div><\/div><div class=\"contact-info\"><ul><li class=\"tlp-email\"><i class=\"far fa-envelope\"><\/i><a href=\"mailto:kvidal@sgc.cl\"><span class=\"tlp-email\">kvidal@sgc.cl<\/span><\/a><\/li><li class=\"tlp-phone\"><i class=\"fa fa-phone-alt\"><\/i><a href=\"tel:+56 2 2431 7000\" class=\"tlp-phone\">+56 2 2431 7000<\/a><\/li><\/ul><\/div><\/div><\/div><div class=\"rt-col-md-4 rt-col-sm-6 rt-col-xs-12   even-grid-item rt-grid-item rt-ready-animation animated fadeIn\" data-id=\"1388\"><div class=\"single-team-area\"><figure><img loading=\"lazy\" decoding=\"async\" width=\"300\" height=\"300\" src=\"https:\/\/www.sgc.cl\/wp-content\/uploads\/2024\/09\/sandra-300x300.png\" class=\"img-responsive rt-team-img\" alt=\"SANDRA ALARC\u00d3N\" \/><\/figure><div class=\"tlp-content\"><h3><span class=\"team-name\">SANDRA ALARC\u00d3N<\/span><\/h3><div class=\"tlp-position\">Analista Agr\u00edcola<\/div><\/div><div class=\"contact-info\"><ul><li class=\"tlp-email\"><i class=\"far fa-envelope\"><\/i><a href=\"mailto:salarcon@sgc-group.cl\"><span class=\"tlp-email\">salarcon@sgc-group.cl<\/span><\/a><\/li><li class=\"tlp-phone\"><i class=\"fa fa-phone-alt\"><\/i><a href=\"tel:+56 2 2431 7000\" class=\"tlp-phone\">+56 2 2431 7000<\/a><\/li><\/ul><\/div><\/div><\/div><div class=\"rt-col-md-4 rt-col-sm-6 rt-col-xs-12   even-grid-item rt-grid-item rt-ready-animation animated fadeIn\" data-id=\"1389\"><div class=\"single-team-area\"><figure><img loading=\"lazy\" decoding=\"async\" width=\"300\" height=\"300\" src=\"https:\/\/www.sgc.cl\/wp-content\/uploads\/2024\/09\/carola-andrea-valdenegro-nunez-300x300.jpg\" class=\"img-responsive rt-team-img\" alt=\"CAROLA VALDENEGRO\" \/><\/figure><div class=\"tlp-content\"><h3><span class=\"team-name\">CAROLA VALDENEGRO<\/span><\/h3><div class=\"tlp-position\">Analista \u00c1rea Agr\u00edcola<\/div><\/div><div class=\"contact-info\"><ul><li class=\"tlp-email\"><i class=\"far fa-envelope\"><\/i><a href=\"mailto:cvaldenegro@sgc.cl\"><span class=\"tlp-email\">cvaldenegro@sgc.cl<\/span><\/a><\/li><li class=\"tlp-phone\"><i class=\"fa fa-phone-alt\"><\/i><a href=\"tel:+56 2 2431 7000\" class=\"tlp-phone\">+56 2 2431 7000<\/a><\/li><\/ul><\/div><\/div><\/div><div class=\"rt-col-md-4 rt-col-sm-6 rt-col-xs-12   even-grid-item rt-grid-item rt-ready-animation animated fadeIn\" data-id=\"1390\"><div class=\"single-team-area\"><figure><img loading=\"lazy\" decoding=\"async\" width=\"300\" height=\"300\" src=\"https:\/\/www.sgc.cl\/wp-content\/uploads\/2024\/09\/IMG_20210615_1733432-300x300.jpg\" class=\"img-responsive rt-team-img\" alt=\"DAR\u00cdO RODR\u00cdGUEZ\" \/><\/figure><div class=\"tlp-content\"><h3><span class=\"team-name\">DAR\u00cdO RODR\u00cdGUEZ<\/span><\/h3><div class=\"tlp-position\">Analista \u00c1rea Agr\u00edcola<\/div><\/div><div class=\"contact-info\"><ul><li class=\"tlp-email\"><i class=\"far fa-envelope\"><\/i><a href=\"mailto:drodriguez@sgc-group.cl\"><span class=\"tlp-email\">drodriguez@sgc-group.cl<\/span><\/a><\/li><li class=\"tlp-phone\"><i class=\"fa fa-phone-alt\"><\/i><a href=\"tel:+56 2 2431 7000\" class=\"tlp-phone\">+56 2 2431 7000<\/a><\/li><\/ul><\/div><\/div><\/div><div class=\"rt-loading-overlay full-op\"><\/div><div class=\"rt-loading rt-ball-clip-rotate\"><div><\/div><\/div><\/div><\/div>\t\t\t\t<\/div>\n\t\t\t\t<\/div>\n\t\t\t\t\t<\/div>\n\t\t\t\t<\/div>\n\t\t\t\t<\/div>","protected":false},"excerpt":{"rendered":"<p>Recursos Naturales Sebasti\u00e1n Soto Dur\u00e1n Gerente Recursos Naturales ssoto@sgc-group.cl +56 2 2431 7023 +56 9 8248 5265 Leonidas Rodr\u00edguez Molina Jefe Administrativo lrodriguez@sgc-group.cl +56 2 24317048 Karim Loreto Vidal Castillo Liquidadora kvidal@sgc.cl +56 2 24317081 Sandra Alarc\u00f3n Neira Analista Agr\u00edcola salarcon@sgc-group.cl +562 24317097 Carola Andrea Valdenegro Nu\u00f1ez Analista \u00c1rea Agr\u00edcola cvaldenegro@sgc.cl +56 2 24317086 Dar\u00edo [&hellip;]<\/p>","protected":false},"author":1,"featured_media":0,"parent":0,"menu_order":0,"comment_status":"closed","ping_status":"closed","template":"","meta":{"footnotes":""},"class_list":["post-1401","page","type-page","status-publish","hentry"],"_links":{"self":[{"href":"https:\/\/www.sgc.cl\/en\/wp-json\/wp\/v2\/pages\/1401","targetHints":{"allow":["GET"]}}],"collection":[{"href":"https:\/\/www.sgc.cl\/en\/wp-json\/wp\/v2\/pages"}],"about":[{"href":"https:\/\/www.sgc.cl\/en\/wp-json\/wp\/v2\/types\/page"}],"author":[{"embeddable":true,"href":"https:\/\/www.sgc.cl\/en\/wp-json\/wp\/v2\/users\/1"}],"replies":[{"embeddable":true,"href":"https:\/\/www.sgc.cl\/en\/wp-json\/wp\/v2\/comments?post=1401"}],"version-history":[{"count":4,"href":"https:\/\/www.sgc.cl\/en\/wp-json\/wp\/v2\/pages\/1401\/revisions"}],"predecessor-version":[{"id":1406,"href":"https:\/\/www.sgc.cl\/en\/wp-json\/wp\/v2\/pages\/1401\/revisions\/1406"}],"wp:attachment":[{"href":"https:\/\/www.sgc.cl\/en\/wp-json\/wp\/v2\/media?parent=1401"}],"curies":[{"name":"wp","href":"https:\/\/api.w.org\/{rel}","templated":true}]}}