{"id":1274,"date":"2024-09-23T17:50:28","date_gmt":"2024-09-23T20:50:28","guid":{"rendered":"http:\/\/74.207.241.157\/?page_id=1274"},"modified":"2024-09-24T12:24:19","modified_gmt":"2024-09-24T15:24:19","slug":"equipo-property","status":"publish","type":"page","link":"https:\/\/www.sgc.cl\/en\/equipo-property\/","title":{"rendered":"Equipo property"},"content":{"rendered":"<div data-elementor-type=\"wp-page\" data-elementor-id=\"1274\" class=\"elementor elementor-1274\">\n\t\t\t\t<div class=\"elementor-element elementor-element-d8b31bb e-flex e-con-boxed e-con e-parent\" data-id=\"d8b31bb\" data-element_type=\"container\">\n\t\t\t\t\t<div class=\"e-con-inner\">\n\t\t\t\t<div class=\"elementor-element elementor-element-1496c6a elementor-widget elementor-widget-heading\" data-id=\"1496c6a\" data-element_type=\"widget\" data-widget_type=\"heading.default\">\n\t\t\t\t<div class=\"elementor-widget-container\">\n\t\t\t\t\t<h1 class=\"elementor-heading-title elementor-size-default\">Property<\/h1>\t\t\t\t<\/div>\n\t\t\t\t<\/div>\n\t\t\t\t<div class=\"elementor-element elementor-element-98c80ea elementor-widget elementor-widget-rttm-team-grid\" data-id=\"98c80ea\" data-element_type=\"widget\" data-widget_type=\"rttm-team-grid.default\">\n\t\t\t\t<div class=\"elementor-widget-container\">\n\t\t\t\t\t<div class=\"rt-team-container rt-elementor-container rt-pos-r rt-team-container-elementor rt-hover-zoom_in\" id=\"rt-team-container-1448821970\" data-layout=\"layout16\" data-desktop-col=\"3\" data-tab-col=\"2\" data-mobile-col=\"1\" data-sc-id=\"elementor\" data-rttm-pagination='{\"layout\":\"layout16\",\"dCols\":3,\"tCols\":2,\"mCols\":1,\"postIn\":[],\"postNotIn\":[],\"limit\":12,\"pagination\":false,\"postsPerPage\":\"\",\"order_by\":\"menu_order\",\"order\":\"ASC\",\"department_ids\":[\"53\"],\"designation_ids\":[],\"link\":false,\"fImg\":false,\"fImgSize\":\"woocommerce_single\",\"customImgSize\":{\"crop\":\"\"},\"character_limit\":0,\"after_short_desc\":\"\",\"read_more_btn_text\":\"\",\"my_resume_text\":\"\",\"hire_me_text\":\"\",\"visibility\":[\"name\",\"designation\",\"email\",\"telephone\",\"mobile\"],\"social_profiles\":[],\"posts_loading_type\":\"pagination\",\"load_more_text\":\"Load More\",\"relation\":\"AND\",\"iCol\":4,\"gridType\":\"even\",\"linkType\":\"external_link\",\"popupType\":\"single\",\"target\":\"_self\",\"grayscale\":false,\"stripedRow\":false,\"defaultImgId\":null,\"filter_buttons\":false,\"filters\":[],\"taxFilter\":\"team_department\",\"action_term\":0,\"isoFilterTaxonomy\":\"team_department\",\"filterType\":null,\"hide_all_button\":true,\"tItem\":0,\"fShowAll\":false,\"animation\":\"zoom_in\"}'><div data-title=\"Loading ...\" class=\"rt-row rt-content-loader element-loading layout16 ttp-even ttp-pre-loader\"><div class=\"rt-col-md-4 rt-col-sm-6 rt-col-xs-12   even-grid-item rt-grid-item rt-ready-animation animated fadeIn\" data-id=\"1257\"><div class=\"single-team-area\"><figure><img fetchpriority=\"high\" decoding=\"async\" width=\"600\" height=\"600\" src=\"https:\/\/www.sgc.cl\/wp-content\/uploads\/2024\/09\/Gonzalo-Salazar-Swett.jpg\" class=\"img-responsive rt-team-img\" alt=\"GONZALO SALAZAR SWETT\" \/><\/figure><div class=\"tlp-content\"><h3><span class=\"team-name\">GONZALO SALAZAR SWETT<\/span><\/h3><div class=\"tlp-position\">Partner and Manager<\/div><\/div><div class=\"contact-info\"><ul><li class=\"tlp-email\"><i class=\"far fa-envelope\"><\/i><a href=\"mailto:gsalazar@sgc.cl\"><span class=\"tlp-email\">gsalazar@sgc.cl<\/span><\/a><\/li><li class=\"tlp-phone\"><i class=\"fa fa-phone-alt\"><\/i><a href=\"tel:+56 2 2431 7000\" class=\"tlp-phone\">+56 2 2431 7000<\/a><\/li><li class='tlp-mobile'><i class='fa fa-mobile'><\/i> <a href='tel:+56 9 9829 7561'>+56 9 9829 7561<\/a><\/li><\/ul><\/div><\/div><\/div><div class=\"rt-col-md-4 rt-col-sm-6 rt-col-xs-12   even-grid-item rt-grid-item rt-ready-animation animated fadeIn\" data-id=\"672\"><div class=\"single-team-area\"><figure><img decoding=\"async\" width=\"600\" height=\"600\" src=\"https:\/\/www.sgc.cl\/wp-content\/uploads\/2024\/08\/Juan-Pablo-Duhalde-e1743106724197.jpg\" class=\"img-responsive rt-team-img\" alt=\"JUAN PABLO DUHALDE BEDDIG\" \/><\/figure><div class=\"tlp-content\"><h3><span class=\"team-name\">JUAN PABLO DUHALDE BEDDIG<\/span><\/h3><div class=\"tlp-position\">Gerente Property &amp; Ingenier\u00eda<\/div><\/div><div class=\"contact-info\"><ul><li class=\"tlp-email\"><i class=\"far fa-envelope\"><\/i><a href=\"mailto:jduhalde@sgc-group.cl\"><span class=\"tlp-email\">jduhalde@sgc-group.cl<\/span><\/a><\/li><li class=\"tlp-phone\"><i class=\"fa fa-phone-alt\"><\/i><a href=\"tel:+56 2 2431 7000\" class=\"tlp-phone\">+56 2 2431 7000<\/a><\/li><li class='tlp-mobile'><i class='fa fa-mobile'><\/i> <a href='tel:+56 9 6599 5742'>+56 9 6599 5742<\/a><\/li><\/ul><\/div><\/div><\/div><div class=\"rt-col-md-4 rt-col-sm-6 rt-col-xs-12   even-grid-item rt-grid-item rt-ready-animation animated fadeIn\" data-id=\"1338\"><div class=\"single-team-area\"><figure><img decoding=\"async\" width=\"600\" height=\"599\" src=\"https:\/\/www.sgc.cl\/wp-content\/uploads\/2024\/09\/Alfonso-Jimenez-Evans.jpg\" class=\"img-responsive rt-team-img\" alt=\"ALFONSO JIM\u00c9NEZ EVANS\" \/><\/figure><div class=\"tlp-content\"><h3><span class=\"team-name\">ALFONSO JIM\u00c9NEZ EVANS<\/span><\/h3><div class=\"tlp-position\">Gerente de Equipos M\u00f3viles<\/div><\/div><div class=\"contact-info\"><ul><li class=\"tlp-email\"><i class=\"far fa-envelope\"><\/i><a href=\"mailto:ajimenez@sgc.cl\"><span class=\"tlp-email\">ajimenez@sgc.cl<\/span><\/a><\/li><li class=\"tlp-phone\"><i class=\"fa fa-phone-alt\"><\/i><a href=\"tel:+56 2 2431 7000\" class=\"tlp-phone\">+56 2 2431 7000<\/a><\/li><li class='tlp-mobile'><i class='fa fa-mobile'><\/i> <a href='tel:+56 9 8248 5266'>+56 9 8248 5266<\/a><\/li><\/ul><\/div><\/div><\/div><div class=\"rt-col-md-4 rt-col-sm-6 rt-col-xs-12   even-grid-item rt-grid-item rt-ready-animation animated fadeIn\" data-id=\"1339\"><div class=\"single-team-area\"><figure><img loading=\"lazy\" decoding=\"async\" width=\"600\" height=\"600\" src=\"https:\/\/www.sgc.cl\/wp-content\/uploads\/2024\/09\/christian-suazo-hernandez.jpg\" class=\"img-responsive rt-team-img\" alt=\"CHRISTIAN SUAZO\" \/><\/figure><div class=\"tlp-content\"><h3><span class=\"team-name\">CHRISTIAN SUAZO<\/span><\/h3><div class=\"tlp-position\">Jefe departamento Property<\/div><\/div><div class=\"contact-info\"><ul><li class=\"tlp-email\"><i class=\"far fa-envelope\"><\/i><a href=\"mailto:csuazo@sgc.cl\"><span class=\"tlp-email\">csuazo@sgc.cl<\/span><\/a><\/li><li class=\"tlp-phone\"><i class=\"fa fa-phone-alt\"><\/i><a href=\"tel:+56 2 2431 7000\" class=\"tlp-phone\">+56 2 2431 7000<\/a><\/li><\/ul><\/div><\/div><\/div><div class=\"rt-col-md-4 rt-col-sm-6 rt-col-xs-12   even-grid-item rt-grid-item rt-ready-animation animated fadeIn\" data-id=\"1341\"><div class=\"single-team-area\"><figure><img loading=\"lazy\" decoding=\"async\" width=\"600\" height=\"599\" src=\"https:\/\/www.sgc.cl\/wp-content\/uploads\/2024\/09\/carlos-miranda-gonzales.jpg\" class=\"img-responsive rt-team-img\" alt=\"CARLOS MIRANDA\" \/><\/figure><div class=\"tlp-content\"><h3><span class=\"team-name\">CARLOS MIRANDA<\/span><\/h3><div class=\"tlp-position\">Liquidador de Seguros<\/div><\/div><div class=\"contact-info\"><ul><li class=\"tlp-email\"><i class=\"far fa-envelope\"><\/i><a href=\"mailto:cmiranda@sgc-group.cl\"><span class=\"tlp-email\">cmiranda@sgc-group.cl<\/span><\/a><\/li><li class=\"tlp-phone\"><i class=\"fa fa-phone-alt\"><\/i><a href=\"tel:+56 2 2431 7000\" class=\"tlp-phone\">+56 2 2431 7000<\/a><\/li><\/ul><\/div><\/div><\/div><div class=\"rt-col-md-4 rt-col-sm-6 rt-col-xs-12   even-grid-item rt-grid-item rt-ready-animation animated fadeIn\" data-id=\"1342\"><div class=\"single-team-area\"><figure><img loading=\"lazy\" decoding=\"async\" width=\"484\" height=\"500\" src=\"https:\/\/www.sgc.cl\/wp-content\/uploads\/2024\/09\/Eduardo-Jahnke13.jpg\" class=\"img-responsive rt-team-img\" alt=\"EDUARDO JAHNKE\" \/><\/figure><div class=\"tlp-content\"><h3><span class=\"team-name\">EDUARDO JAHNKE<\/span><\/h3><div class=\"tlp-position\">Ajustador equipos m\u00f3viles<\/div><\/div><div class=\"contact-info\"><ul><li class=\"tlp-email\"><i class=\"far fa-envelope\"><\/i><a href=\"mailto:ejahnke@sgc-group.cl\"><span class=\"tlp-email\">ejahnke@sgc-group.cl<\/span><\/a><\/li><li class=\"tlp-phone\"><i class=\"fa fa-phone-alt\"><\/i><a href=\"tel:+56 2 2431 7000\" class=\"tlp-phone\">+56 2 2431 7000<\/a><\/li><\/ul><\/div><\/div><\/div><div class=\"rt-col-md-4 rt-col-sm-6 rt-col-xs-12   even-grid-item rt-grid-item rt-ready-animation animated fadeIn\" data-id=\"1343\"><div class=\"single-team-area\"><figure><img loading=\"lazy\" decoding=\"async\" width=\"484\" height=\"500\" src=\"https:\/\/www.sgc.cl\/wp-content\/uploads\/2024\/09\/Hector-Zuniga13.jpg\" class=\"img-responsive rt-team-img\" alt=\"HECTOR Z\u00da\u00d1IGA\" \/><\/figure><div class=\"tlp-content\"><h3><span class=\"team-name\">HECTOR Z\u00da\u00d1IGA<\/span><\/h3><div class=\"tlp-position\">Inspector Ajustador<\/div><\/div><div class=\"contact-info\"><ul><li class=\"tlp-email\"><i class=\"far fa-envelope\"><\/i><a href=\"mailto:hzuniga@sgc.cl\"><span class=\"tlp-email\">hzuniga@sgc.cl<\/span><\/a><\/li><li class=\"tlp-phone\"><i class=\"fa fa-phone-alt\"><\/i><a href=\"tel:+56 2 2431 7000\" class=\"tlp-phone\">+56 2 2431 7000<\/a><\/li><\/ul><\/div><\/div><\/div><div class=\"rt-col-md-4 rt-col-sm-6 rt-col-xs-12   even-grid-item rt-grid-item rt-ready-animation animated fadeIn\" data-id=\"1344\"><div class=\"single-team-area\"><figure><img loading=\"lazy\" decoding=\"async\" width=\"488\" height=\"494\" src=\"https:\/\/www.sgc.cl\/wp-content\/uploads\/2024\/09\/Jacqueline2.jpg\" class=\"img-responsive rt-team-img\" alt=\"JACQUELINE L\u00d3PEZ\" \/><\/figure><div class=\"tlp-content\"><h3><span class=\"team-name\">JACQUELINE L\u00d3PEZ<\/span><\/h3><div class=\"tlp-position\">Asistente<\/div><\/div><div class=\"contact-info\"><ul><li class=\"tlp-email\"><i class=\"far fa-envelope\"><\/i><a href=\"mailto:jlopez@sgc-group.cl\"><span class=\"tlp-email\">jlopez@sgc-group.cl<\/span><\/a><\/li><li class=\"tlp-phone\"><i class=\"fa fa-phone-alt\"><\/i><a href=\"tel:+56 2 2431 7000\" class=\"tlp-phone\">+56 2 2431 7000<\/a><\/li><\/ul><\/div><\/div><\/div><div class=\"rt-col-md-4 rt-col-sm-6 rt-col-xs-12   even-grid-item rt-grid-item rt-ready-animation animated fadeIn\" data-id=\"1345\"><div class=\"single-team-area\"><figure><img loading=\"lazy\" decoding=\"async\" width=\"600\" height=\"599\" src=\"https:\/\/www.sgc.cl\/wp-content\/uploads\/2024\/09\/juan-carlos-antil.jpg\" class=\"img-responsive rt-team-img\" alt=\"JUAN ANTIL\" \/><\/figure><div class=\"tlp-content\"><h3><span class=\"team-name\">JUAN ANTIL<\/span><\/h3><div class=\"tlp-position\">Inspector de Siniestros<\/div><\/div><div class=\"contact-info\"><ul><li class=\"tlp-email\"><i class=\"far fa-envelope\"><\/i><a href=\"mailto:jantil@sgc.cl\"><span class=\"tlp-email\">jantil@sgc.cl<\/span><\/a><\/li><li class=\"tlp-phone\"><i class=\"fa fa-phone-alt\"><\/i><a href=\"tel:+56 2 2431 7000\" class=\"tlp-phone\">+56 2 2431 7000<\/a><\/li><\/ul><\/div><\/div><\/div><div class=\"rt-loading-overlay full-op\"><\/div><div class=\"rt-loading rt-ball-clip-rotate\"><div><\/div><\/div><\/div><\/div>\t\t\t\t<\/div>\n\t\t\t\t<\/div>\n\t\t<div class=\"elementor-element elementor-element-b2c69c0 e-con-full e-flex e-con e-child\" data-id=\"b2c69c0\" data-element_type=\"container\">\n\t\t\t\t<div class=\"elementor-element elementor-element-ccc6d11 elementor-widget elementor-widget-heading\" data-id=\"ccc6d11\" data-element_type=\"widget\" data-widget_type=\"heading.default\">\n\t\t\t\t<div class=\"elementor-widget-container\">\n\t\t\t\t\t<h1 class=\"elementor-heading-title elementor-size-default\">Property Concepci\u00f3n<\/h1>\t\t\t\t<\/div>\n\t\t\t\t<\/div>\n\t\t\t\t<div class=\"elementor-element elementor-element-7d0ad40 elementor-widget elementor-widget-rttm-team-grid\" data-id=\"7d0ad40\" data-element_type=\"widget\" data-widget_type=\"rttm-team-grid.default\">\n\t\t\t\t<div class=\"elementor-widget-container\">\n\t\t\t\t\t<div class=\"rt-team-container rt-elementor-container rt-pos-r rt-team-container-elementor rt-hover-zoom_in\" id=\"rt-team-container-1422404904\" data-layout=\"layout16\" data-desktop-col=\"3\" data-tab-col=\"2\" data-mobile-col=\"1\" data-sc-id=\"elementor\" data-rttm-pagination='{\"layout\":\"layout16\",\"dCols\":3,\"tCols\":2,\"mCols\":1,\"postIn\":[],\"postNotIn\":[],\"limit\":12,\"pagination\":false,\"postsPerPage\":\"\",\"order_by\":\"menu_order\",\"order\":\"ASC\",\"department_ids\":[\"99\"],\"designation_ids\":[],\"link\":false,\"fImg\":false,\"fImgSize\":\"woocommerce_single\",\"customImgSize\":{\"crop\":\"\"},\"character_limit\":0,\"after_short_desc\":\"\",\"read_more_btn_text\":\"\",\"my_resume_text\":\"\",\"hire_me_text\":\"\",\"visibility\":[\"name\",\"designation\",\"email\",\"telephone\",\"mobile\"],\"social_profiles\":[],\"posts_loading_type\":\"pagination\",\"load_more_text\":\"Load More\",\"relation\":\"AND\",\"iCol\":4,\"gridType\":\"even\",\"linkType\":\"external_link\",\"popupType\":\"single\",\"target\":\"_self\",\"grayscale\":false,\"stripedRow\":false,\"defaultImgId\":null,\"filter_buttons\":false,\"filters\":[],\"taxFilter\":\"team_department\",\"action_term\":0,\"isoFilterTaxonomy\":\"team_department\",\"filterType\":null,\"hide_all_button\":true,\"tItem\":0,\"fShowAll\":false,\"animation\":\"zoom_in\"}'><div data-title=\"Loading ...\" class=\"rt-row rt-content-loader element-loading layout16 ttp-even ttp-pre-loader\"><div class=\"rt-col-md-4 rt-col-sm-6 rt-col-xs-12   even-grid-item rt-grid-item rt-ready-animation animated fadeIn\" data-id=\"1347\"><div class=\"single-team-area\"><figure><img loading=\"lazy\" decoding=\"async\" width=\"468\" height=\"500\" src=\"https:\/\/www.sgc.cl\/wp-content\/uploads\/2024\/09\/Mauricio-Galdames.jpg\" class=\"img-responsive rt-team-img\" alt=\"MAURICIO GALDAMES MORALES\" \/><\/figure><div class=\"tlp-content\"><h3><span class=\"team-name\">MAURICIO GALDAMES MORALES<\/span><\/h3><div class=\"tlp-position\">Gerente Zonal Concepci\u00f3n<\/div><\/div><div class=\"contact-info\"><ul><li class=\"tlp-email\"><i class=\"far fa-envelope\"><\/i><a href=\"mailto:mgaldames@sgc.cl\"><span class=\"tlp-email\">mgaldames@sgc.cl<\/span><\/a><\/li><li class=\"tlp-phone\"><i class=\"fa fa-phone-alt\"><\/i><a href=\"tel:+56 2 2431 7000\" class=\"tlp-phone\">+56 2 2431 7000<\/a><\/li><li class='tlp-mobile'><i class='fa fa-mobile'><\/i> <a href='tel:+56 9 4265 5042'>+56 9 4265 5042<\/a><\/li><\/ul><\/div><\/div><\/div><div class=\"rt-col-md-4 rt-col-sm-6 rt-col-xs-12   even-grid-item rt-grid-item rt-ready-animation animated fadeIn\" data-id=\"1351\"><div class=\"single-team-area\"><figure><img loading=\"lazy\" decoding=\"async\" width=\"461\" height=\"500\" src=\"https:\/\/www.sgc.cl\/wp-content\/uploads\/2024\/09\/Gustavo-Ulloa2.jpg\" class=\"img-responsive rt-team-img\" alt=\"GUSTAVO ULLOA\" \/><\/figure><div class=\"tlp-content\"><h3><span class=\"team-name\">GUSTAVO ULLOA<\/span><\/h3><div class=\"tlp-position\">Ajustador Property (Sur)<\/div><\/div><div class=\"contact-info\"><ul><li class=\"tlp-email\"><i class=\"far fa-envelope\"><\/i><a href=\"mailto:gulloa@sgc.cl\"><span class=\"tlp-email\">gulloa@sgc.cl<\/span><\/a><\/li><li class=\"tlp-phone\"><i class=\"fa fa-phone-alt\"><\/i><a href=\"tel:+56 2 2431 7000\" class=\"tlp-phone\">+56 2 2431 7000<\/a><\/li><\/ul><\/div><\/div><\/div><div class=\"rt-col-md-4 rt-col-sm-6 rt-col-xs-12   even-grid-item rt-grid-item rt-ready-animation animated fadeIn\" data-id=\"1988\"><div class=\"single-team-area\"><figure><img loading=\"lazy\" decoding=\"async\" width=\"305\" height=\"300\" src=\"https:\/\/www.sgc.cl\/wp-content\/uploads\/2025\/06\/Maria-Alejandra-Gutierrez300px.jpg\" class=\"img-responsive rt-team-img\" alt=\"Mar\u00eda Guti\u00e9rrez\" \/><\/figure><div class=\"tlp-content\"><h3><span class=\"team-name\">Mar\u00eda Guti\u00e9rrez<\/span><\/h3><div class=\"tlp-position\">Ajustadora Property<\/div><\/div><div class=\"contact-info\"><ul><li class=\"tlp-email\"><i class=\"far fa-envelope\"><\/i><a href=\"mailto:magutierrez@sgc.cl\"><span class=\"tlp-email\">magutierrez@sgc.cl<\/span><\/a><\/li><li class=\"tlp-phone\"><i class=\"fa fa-phone-alt\"><\/i><a href=\"tel:+562 24317000\" class=\"tlp-phone\">+562 24317000<\/a><\/li><li class='tlp-mobile'><i class='fa fa-mobile'><\/i> <a href='tel:+56 41 2921185'>+56 41 2921185<\/a><\/li><\/ul><\/div><\/div><\/div><div class=\"rt-col-md-4 rt-col-sm-6 rt-col-xs-12   even-grid-item rt-grid-item rt-ready-animation animated fadeIn\" data-id=\"1990\"><div class=\"single-team-area\"><figure><img loading=\"lazy\" decoding=\"async\" width=\"280\" height=\"275\" src=\"https:\/\/www.sgc.cl\/wp-content\/uploads\/2025\/06\/Christopher-Gonzalez300v1px-.jpg\" class=\"img-responsive rt-team-img\" alt=\"Christopher Gonz\u00e1lez\" \/><\/figure><div class=\"tlp-content\"><h3><span class=\"team-name\">Christopher Gonz\u00e1lez<\/span><\/h3><div class=\"tlp-position\">Ajustador Property (Sur)<\/div><\/div><div class=\"contact-info\"><ul><li class=\"tlp-email\"><i class=\"far fa-envelope\"><\/i><a href=\"mailto:cgonzalez@sgc.cl\"><span class=\"tlp-email\">cgonzalez@sgc.cl<\/span><\/a><\/li><li class=\"tlp-phone\"><i class=\"fa fa-phone-alt\"><\/i><a href=\"tel:+562 24317000\" class=\"tlp-phone\">+562 24317000<\/a><\/li><li class='tlp-mobile'><i class='fa fa-mobile'><\/i> <a href='tel:+56 41 2921185'>+56 41 2921185<\/a><\/li><\/ul><\/div><\/div><\/div><div class=\"rt-loading-overlay full-op\"><\/div><div class=\"rt-loading rt-ball-clip-rotate\"><div><\/div><\/div><\/div><\/div>\t\t\t\t<\/div>\n\t\t\t\t<\/div>\n\t\t\t\t<\/div>\n\t\t\t\t\t<\/div>\n\t\t\t\t<\/div>\n\t\t\t\t<\/div>","protected":false},"excerpt":{"rendered":"<p>Property Gonzalo Salazar Swett Socio Gerente gsalazar@sgc.cl +56 2 2431 7000 +56 9 9829 7561 JUAN PABLO DUHALDE Gerente Property &amp; Ingenier\u00eda jduhalde@sgc-group.cl +56 2 2431 7000 +56 9 6599 5742 Alfonso Jim\u00e9nez Evans Gerente Ramos Varios ajimenez@sgc.cl +56 2 2431 7029 +56 9 8248 5266 Christian Suazo Hern\u00e1ndez Jefe departamento Property csuazo@sgc.cl +56 2 [&hellip;]<\/p>","protected":false},"author":1,"featured_media":0,"parent":0,"menu_order":0,"comment_status":"closed","ping_status":"closed","template":"","meta":{"footnotes":""},"class_list":["post-1274","page","type-page","status-publish","hentry"],"_links":{"self":[{"href":"https:\/\/www.sgc.cl\/en\/wp-json\/wp\/v2\/pages\/1274","targetHints":{"allow":["GET"]}}],"collection":[{"href":"https:\/\/www.sgc.cl\/en\/wp-json\/wp\/v2\/pages"}],"about":[{"href":"https:\/\/www.sgc.cl\/en\/wp-json\/wp\/v2\/types\/page"}],"author":[{"embeddable":true,"href":"https:\/\/www.sgc.cl\/en\/wp-json\/wp\/v2\/users\/1"}],"replies":[{"embeddable":true,"href":"https:\/\/www.sgc.cl\/en\/wp-json\/wp\/v2\/comments?post=1274"}],"version-history":[{"count":10,"href":"https:\/\/www.sgc.cl\/en\/wp-json\/wp\/v2\/pages\/1274\/revisions"}],"predecessor-version":[{"id":1359,"href":"https:\/\/www.sgc.cl\/en\/wp-json\/wp\/v2\/pages\/1274\/revisions\/1359"}],"wp:attachment":[{"href":"https:\/\/www.sgc.cl\/en\/wp-json\/wp\/v2\/media?parent=1274"}],"curies":[{"name":"wp","href":"https:\/\/api.w.org\/{rel}","templated":true}]}}